{"id":47,"date":"2025-01-18T22:39:55","date_gmt":"2025-01-18T22:39:55","guid":{"rendered":"https:\/\/parafia.cerkiew.net.pl\/?page_id=47"},"modified":"2025-01-19T18:27:50","modified_gmt":"2025-01-19T18:27:50","slug":"mozesz-pomoc","status":"publish","type":"page","link":"https:\/\/parafia.cerkiew.net.pl\/ua\/mozesz-pomoc\/","title":{"rendered":"\u0411\u0443\u0434\u0456\u0432\u043d\u0438\u0446\u0442\u0432\u043e \u0446\u0435\u0440\u043a\u0432\u0438 \u0432 \u0413\u043e\u0436\u0443\u0432\u0456 \u0412\u0435\u043b\u0438\u043a\u043e\u043f\u043e\u043b\u044c\u0441\u044c\u043a\u043e\u043c\u0443"},"content":{"rendered":"<h3 class=\"wp-block-heading has-text-align-center\" style=\"font-size:clamp(1.017rem, 1.017rem + ((1vw - 0.2rem) * 0.852), 1.56rem);\">\u0420\u041e\u0417\u041f\u041e\u0427\u0410\u041b\u0421\u042f \u0420\u0415\u041c\u041e\u041d\u0422 \u0426\u0415\u0420\u041a\u0412\u0418 \u0412 \u0413\u041e\u0416\u0423\u0412\u0406 \u0412\u0415\u041b\u042c\u041a\u041e\u041f\u041e\u041b\u042c\u0421\u042c\u041a\u041e\u041c\u0423<\/h3>\n\n\n\n<p>\u041d\u0430 \u043f\u043e\u0447\u0430\u0442\u043a\u0443 2012 \u0440\u043e\u043a\u0443 \u0431\u0443\u043b\u043e \u0437\u0440\u043e\u0431\u043b\u0435\u043d\u043e \u0441\u043f\u0440\u043e\u0431\u0438 \u043f\u0440\u0438\u0434\u0431\u0430\u0442\u0438 \u043a\u043e\u043b\u0438\u0448\u043d\u044e \u0448\u043f\u0438\u0442\u0430\u043b\u044c\u043d\u0443 \u043a\u0430\u043f\u043b\u0438\u0446\u044e \u043d\u0430 \u0432\u0443\u043b\u0438\u0446\u0456 \u0422\u0435\u0430\u0442\u0440\u0430\u043b\u044c\u043d\u0456\u0439 \u0443 \u0413\u043e\u0436\u0443\u0432\u0456-\u0412\u0435\u043b\u044c\u043a\u043e\u043f\u043e\u043b\u044c\u0441\u044c\u043a\u043e\u043c\u0443 \u0434\u043b\u044f \u043f\u043e\u0442\u0440\u0435\u0431 \u0433\u0440\u0435\u043a\u043e-\u043a\u0430\u0442\u043e\u043b\u0438\u0446\u044c\u043a\u043e\u0457 \u043f\u0430\u0440\u0430\u0444\u0456\u0457 \u0441\u0432. \u0419\u043e\u0441\u0430\u0444\u0430\u0442\u0430 \u0432 \u0413\u043e\u0436\u0443\u0432\u0456.<\/p>\n\n\n\n<p>\u0426\u0456 \u0441\u043f\u0440\u043e\u0431\u0438 \u0443\u0432\u0456\u043d\u0447\u0430\u043b\u0438\u0441\u044f \u0443\u0441\u043f\u0456\u0445\u043e\u043c \u2013 \u0443 \u043a\u0432\u0456\u0442\u043d\u0456 2013 \u0440\u043e\u043a\u0443 \u0431\u0443\u0434\u0456\u0432\u043b\u044e \u0442\u0430 \u0437\u0435\u043c\u043b\u044e \u0431\u0443\u043b\u043e \u0432\u0438\u043a\u0443\u043f\u043b\u0435\u043d\u043e. \u0426\u0435 \u0432\u0435\u043b\u0438\u043a\u0430 \u0440\u0430\u0434\u0456\u0441\u0442\u044c \u0434\u043b\u044f \u0432\u0456\u0440\u043d\u0438\u0445, \u044f\u043a\u0456 \u0432\u0456\u0434 \u0441\u0432\u043e\u0433\u043e \u043f\u0435\u0440\u0435\u0441\u0435\u043b\u0435\u043d\u043d\u044f \u043d\u0430 \u0417\u0430\u0445\u0456\u0434\u043d\u0438\u0439 \u043a\u0440\u0430\u0439 \u0443 1947 \u0440\u043e\u0446\u0456 \u0432 \u0440\u0430\u043c\u043a\u0430\u0445 \u043e\u043f\u0435\u0440\u0430\u0446\u0456\u0457 \u00ab\u0412\u0456\u0441\u043b\u0430\u00bb \u043c\u043e\u043b\u044f\u0442\u044c\u0441\u044f \u0432 \u043a\u0430\u043f\u043b\u0438\u0446\u0456 \u043d\u0430 \u0446\u0432\u0438\u043d\u0442\u0430\u0440\u0456 \u0421\u0432\u0454\u043d\u0442\u043e\u043a\u0448\u0438\u0441\u044c\u043a\u0438\u0445 \u0443 \u0413\u043e\u0436\u0443\u0432\u0456.<\/p>\n\n\n\n<p>\u041d\u0430\u043f\u0440\u0438\u043a\u0456\u043d\u0446\u0456 \u0447\u0435\u0440\u0432\u043d\u044f \u0440\u043e\u0437\u043f\u043e\u0447\u0430\u043b\u0438\u0441\u044f \u0440\u0435\u043c\u043e\u043d\u0442\u043d\u0456 \u0440\u043e\u0431\u043e\u0442\u0438, \u0432 \u043e\u0441\u043d\u043e\u0432\u043d\u043e\u043c\u0443 \u0441\u0438\u043b\u0430\u043c\u0438 \u043f\u0430\u0440\u0430\u0444\u0456\u044f\u043d.<\/p>\n\n\n\n<p>\u0417\u0432\u0435\u0440\u0442\u0430\u0454\u043c\u043e\u0441\u044f \u0434\u043e \u0432\u0441\u0456\u0445 \u043b\u044e\u0434\u0435\u0439 \u0434\u043e\u0431\u0440\u043e\u0457 \u0432\u043e\u043b\u0456 \u0437 \u043f\u0440\u043e\u0445\u0430\u043d\u043d\u044f\u043c \u0444\u0456\u043d\u0430\u043d\u0441\u043e\u0432\u043e \u0434\u043e\u043f\u043e\u043c\u043e\u0433\u0442\u0438 \u043d\u0430\u043c \u0432\u0456\u0434\u0440\u0435\u043c\u043e\u043d\u0442\u0443\u0432\u0430\u0442\u0438 \u0445\u0440\u0430\u043c. \u0413\u0440\u0435\u043a\u043e-\u043a\u0430\u0442\u043e\u043b\u0438\u0446\u044c\u043a\u0430 \u043f\u0430\u0440\u0430\u0444\u0456\u044f \u0432 \u0413\u043e\u0436\u0443\u0432\u0456 \u2013 \u0446\u0435 \u043d\u0435\u0432\u0435\u043b\u0438\u043a\u0430 \u0433\u0440\u043e\u043c\u0430\u0434\u0430, \u0432\u043e\u043d\u0430 \u0441\u043a\u043b\u0430\u0434\u0430\u0454\u0442\u044c\u0441\u044f \u0437 26 \u0440\u043e\u0434\u0438\u043d, \u0430\u043b\u0435 \u043c\u0438 \u0432\u0456\u0440\u0438\u043c\u043e, \u0449\u043e \u0437\u0430\u0432\u0434\u044f\u043a\u0438 \u043d\u0430\u0448\u0456\u0439 \u043f\u0440\u0430\u0446\u0456, \u0436\u0435\u0440\u0442\u0432\u0430\u043c \u0442\u0430 \u0437\u0430 \u0434\u043e\u043f\u043e\u043c\u043e\u0433\u043e\u044e \u0456\u043d\u0448\u0438\u0445 \u043d\u0430\u043c \u0432\u0434\u0430\u0441\u0442\u044c\u0441\u044f \u0432\u0456\u0434\u0440\u0435\u043c\u043e\u043d\u0442\u0443\u0432\u0430\u0442\u0438 \u0445\u0440\u0430\u043c. \u0412\u043b\u0430\u0441\u043d\u0438\u0439 \u0445\u0440\u0430\u043c \u0434\u043b\u044f \u043d\u0430\u0448\u043e\u0457 \u043f\u0430\u0440\u0430\u0444\u0456\u0457 \u2013 \u0446\u0435 \u0432\u0435\u043b\u0438\u043a\u0438\u0439 \u0434\u0430\u0440, \u044f\u043a\u0438\u0439 \u043c\u0438 \u043d\u0435 \u043c\u043e\u0436\u0435\u043c\u043e \u0437\u043c\u0430\u0440\u043d\u0443\u0432\u0430\u0442\u0438.<\/p>\n\n\n\n<p>\u0411\u0443\u0434\u0435\u043c\u043e \u0434\u0443\u0436\u0435 \u0432\u0434\u044f\u0447\u043d\u0456 \u0437\u0430 \u0431\u0443\u0434\u044c-\u044f\u043a\u0443 \u0434\u043e\u043f\u043e\u043c\u043e\u0433\u0443!<\/p>\n\n\n\n<p class=\"has-text-align-center\"><strong>\u041d\u043e\u043c\u0435\u0440 \u0431\u0430\u043d\u043a\u0456\u0432\u0441\u044c\u043a\u043e\u0433\u043e \u0440\u0430\u0445\u0443\u043d\u043a\u0443<\/strong><\/p>\n\n\n\n<p class=\"has-text-align-center\"><strong>19 8372 0008 0900 1569 2009 0001<\/strong><br>BIC\/SWIFT \u041a\u041e\u0414 GBWCPLPP<br>\u0413\u0440\u0435\u043a\u043e-\u043a\u0430\u0442\u043e\u043b\u0438\u0446\u044c\u043a\u0430 \u043f\u0430\u0440\u0430\u0444\u0456\u044f \u0441 \u0419\u043e\u0441\u0430\u0444\u0430\u0442\u0430 \u043c\u0443\u0447\u0435\u043d\u0438\u043a\u0430<br>\u0432\u0443\u043b\u0438\u0446\u044f \u0412\u0430\u0440\u0448\u0430\u0432\u0441\u044c\u043a\u0430 202<br>66-400 \u0413\u043e\u0436\u0443\u0432 \u0412\u0435\u043b\u044c\u043a\u043e\u043f\u043e\u043b\u044c\u0441\u044c\u043a\u0438\u0439<br>\u00ab\u041d\u0430 \u0440\u0435\u043c\u043e\u043d\u0442 \u0446\u0435\u0440\u043a\u0432\u0438\u00bb<\/p>\n\n\n\n<p class=\"has-text-align-center\"><strong>\u041f\u043e\u0436\u0435\u0440\u0442\u0432\u0443\u0432\u0430\u043d\u043d\u044f \u043d\u0430 \u0440\u0435\u043b\u0456\u0433\u0456\u0439\u043d\u0456 \u0446\u0456\u043b\u0456 \u2013<\/strong><br><strong>\u043f\u043b\u0430\u0442\u0456\u0436 \u043d\u0435 \u043e\u043f\u043e\u0434\u0430\u0442\u043a\u043e\u0432\u0443\u0454\u0442\u044c\u0441\u044f.<\/strong><\/p>\n\n\n\n<p><\/p>","protected":false},"excerpt":{"rendered":"<p>ROZPOCZ\u0118TO REMONT CERKWI W GORZOWIE WIELKOPOLSKIM Od pocz\u0105tku 2012 roku rozpocz\u0119to starania o zakup dawnej kaplicy szpitalnej przy ulicy Teatralnej w Gorzowie Wielkopolskim na potrzeby greckokatolickiej parafii \u015bw. Jozafata w Gorzowie. Starania te zako\u0144czy\u0142y si\u0119 sukcesem \u2013 w kwietniu 2013 roku zakupiono budynek oraz ziemi\u0119. To wielka rado\u015b\u0107 dla wiernych, kt\u00f3rzy od przesiedlenia na Ziemie [&hellip;]<\/p>","protected":false},"author":1,"featured_media":0,"parent":0,"menu_order":0,"comment_status":"closed","ping_status":"closed","template":"","meta":{"footnotes":""},"class_list":["post-47","page","type-page","status-publish","hentry"],"_links":{"self":[{"href":"https:\/\/parafia.cerkiew.net.pl\/ua\/wp-json\/wp\/v2\/pages\/47","targetHints":{"allow":["GET"]}}],"collection":[{"href":"https:\/\/parafia.cerkiew.net.pl\/ua\/wp-json\/wp\/v2\/pages"}],"about":[{"href":"https:\/\/parafia.cerkiew.net.pl\/ua\/wp-json\/wp\/v2\/types\/page"}],"author":[{"embeddable":true,"href":"https:\/\/parafia.cerkiew.net.pl\/ua\/wp-json\/wp\/v2\/users\/1"}],"replies":[{"embeddable":true,"href":"https:\/\/parafia.cerkiew.net.pl\/ua\/wp-json\/wp\/v2\/comments?post=47"}],"version-history":[{"count":7,"href":"https:\/\/parafia.cerkiew.net.pl\/ua\/wp-json\/wp\/v2\/pages\/47\/revisions"}],"predecessor-version":[{"id":125,"href":"https:\/\/parafia.cerkiew.net.pl\/ua\/wp-json\/wp\/v2\/pages\/47\/revisions\/125"}],"wp:attachment":[{"href":"https:\/\/parafia.cerkiew.net.pl\/ua\/wp-json\/wp\/v2\/media?parent=47"}],"curies":[{"name":"\u0412\u041f","href":"https:\/\/api.w.org\/{rel}","templated":true}]}}